{"id":2,"date":"2025-03-17T20:36:26","date_gmt":"2025-03-17T19:36:26","guid":{"rendered":"https:\/\/wp.freesmells.dk\/?page_id=2"},"modified":"2025-03-17T20:43:56","modified_gmt":"2025-03-17T19:43:56","slug":"eksempel-side","status":"publish","type":"page","link":"https:\/\/wp.freesmells.dk\/?page_id=2","title":{"rendered":"Velkommen til vores hjemmeside. Vi kalder os \u201cFree Smells\u201d."},"content":{"rendered":"\n<p><\/p>\n\n\n\n<p>Free Smells er et nordjysk fritidsband best\u00e5ende af fire efterh\u00e5nden midaldrende kammerater.<\/p>\n\n\n\n<p>Vi hygger os med at spille afslappede, folk-inspirerede udgaver af diverse popsange.&nbsp;<\/p>\n\n\n\n<p>Det er sk\u00f8nt at m\u00f8des med hinanden om at spille musik, men vi vil ogs\u00e5 gerne ud af huset en gang imellem. Derfor har vi lavet denne hjemmeside, s\u00e5 du, k\u00e6re bes\u00f8gende, kan f\u00e5 at vide, at vi gerne lader os hyre til private arrangementer og lignende.&nbsp;&nbsp;<\/p>\n\n\n\n<p>Free Smells passer dog ikke ubetinget ind i enhver sammenh\u00e6ng. Eksempelvis vil de f\u00e6rreste vil nok finde vores alternative versioner af kendte og ukendte hits egnede at danse til. Vi kunne til geng\u00e6ld passe godt som et uh\u00f8jtideligt hovednavn til jeres private stuekoncert eller som rustik baggrundsst\u00f8j under receptionen eller middagen.&nbsp;<\/p>\n\n\n\n<p>Hvis jeres arrangement har et almennyttigt, nonprofit form\u00e5l og er drevet af frivillige kr\u00e6fter, s\u00e5 er vi s\u00e5gar \u00e5bne for at komme og spille s\u00e5 godt som kvit og frit. Vi skal selvf\u00f8lgelig v\u00e6re enige med hinanden om, at vi passer ind i jeres koncept\/sag.<\/p>\n\n\n\n<p>For stor (eller mellemstor) ros og anerkendelse \/ gedigen tilsvining \/ foresp\u00f8rgsel p\u00e5 booking \/ en sjov anekdote \/ uautoriseret duftterapi \/ eller noget andet\u2026 s\u00e5 kontakt os p\u00e5:&nbsp;<\/p>\n\n\n\n<p>freesmellslive@gmail.com&nbsp;<\/p>\n\n\n\n<p>Med venlige hilsner<\/p>\n\n\n\n<p>Free Smells <\/p>\n\n\n\n<p><\/p>\n","protected":false},"excerpt":{"rendered":"<p>Free Smells er et nordjysk fritidsband best\u00e5ende af fire efterh\u00e5nden midaldrende kammerater. Vi hygger os med at spille afslappede, folk-inspirerede udgaver af diverse popsange.&nbsp; Det er sk\u00f8nt at m\u00f8des med hinanden om at spille musik, men vi vil ogs\u00e5 gerne ud af huset en gang imellem. Derfor har vi lavet denne hjemmeside, s\u00e5 du, k\u00e6re [&hellip;]<\/p>\n","protected":false},"author":1,"featured_media":0,"parent":0,"menu_order":0,"comment_status":"closed","ping_status":"open","template":"","meta":{"footnotes":""},"class_list":["post-2","page","type-page","status-publish","hentry"],"_links":{"self":[{"href":"https:\/\/wp.freesmells.dk\/index.php?rest_route=\/wp\/v2\/pages\/2","targetHints":{"allow":["GET"]}}],"collection":[{"href":"https:\/\/wp.freesmells.dk\/index.php?rest_route=\/wp\/v2\/pages"}],"about":[{"href":"https:\/\/wp.freesmells.dk\/index.php?rest_route=\/wp\/v2\/types\/page"}],"author":[{"embeddable":true,"href":"https:\/\/wp.freesmells.dk\/index.php?rest_route=\/wp\/v2\/users\/1"}],"replies":[{"embeddable":true,"href":"https:\/\/wp.freesmells.dk\/index.php?rest_route=%2Fwp%2Fv2%2Fcomments&post=2"}],"version-history":[{"count":2,"href":"https:\/\/wp.freesmells.dk\/index.php?rest_route=\/wp\/v2\/pages\/2\/revisions"}],"predecessor-version":[{"id":11,"href":"https:\/\/wp.freesmells.dk\/index.php?rest_route=\/wp\/v2\/pages\/2\/revisions\/11"}],"wp:attachment":[{"href":"https:\/\/wp.freesmells.dk\/index.php?rest_route=%2Fwp%2Fv2%2Fmedia&parent=2"}],"curies":[{"name":"wp","href":"https:\/\/api.w.org\/{rel}","templated":true}]}}